{"id":17,"date":"2022-08-20T15:36:08","date_gmt":"2022-08-20T15:36:08","guid":{"rendered":"https:\/\/www.coravogel.ch\/klettern\/?page_id=17"},"modified":"2024-01-16T22:55:08","modified_gmt":"2024-01-16T22:55:08","slug":"kletterlehrerin-cora","status":"publish","type":"page","link":"https:\/\/www.coravogel.ch\/","title":{"rendered":"Kletterlehrerin Cora"},"content":{"rendered":"\n<div class=\"wp-block-cover alignwide is-light has-custom-content-position is-position-top-center tw-mt-6 is-style-default\"><span aria-hidden=\"true\" class=\"wp-block-cover__background has-background-dim-0 has-background-dim\"><\/span><img loading=\"lazy\" decoding=\"async\" width=\"1024\" height=\"768\" sizes=\"auto, (max-width: 799px) 200vw, (max-width: 1440px) 100vw, 1440px\" class=\"wp-block-cover__image-background wp-image-22\" alt=\"\" src=\"https:\/\/www.coravogel.ch\/klettern\/wp-content\/uploads\/2022\/08\/DSCN4043-1024x768.jpg\" style=\"object-position:89% 50%\" data-object-fit=\"cover\" data-object-position=\"89% 50%\" srcset=\"https:\/\/www.coravogel.ch\/wp-content\/uploads\/2022\/08\/DSCN4043-1024x768.jpg 1024w, https:\/\/www.coravogel.ch\/wp-content\/uploads\/2022\/08\/DSCN4043-300x225.jpg 300w, https:\/\/www.coravogel.ch\/wp-content\/uploads\/2022\/08\/DSCN4043-768x576.jpg 768w, https:\/\/www.coravogel.ch\/wp-content\/uploads\/2022\/08\/DSCN4043.jpg 1440w\" \/><div class=\"wp-block-cover__inner-container is-layout-flow wp-block-cover-is-layout-flow\">\n<p class=\"has-text-align-center cover-title has-foreground-color has-text-color\" style=\"font-size:3rem\">Cora Vogel<br>Kletterlehrerin<\/p>\n<\/div><\/div>\n\n\n\n<h2 class=\"wp-block-heading\">\u00dcber mich<\/h2>\n\n\n\n<p>Ich bin 1999 geboren und in Winterthur aufgewachsen. Dort habe ich in einer J&amp;S Trainingsgruppe angefangen zu klettern. Mit der Jugendorganisation des SAC konnte ich meine ersten Erfahrungen am Fels sammeln. Sp\u00e4ter wurde ich ins Regionalkader Z\u00fcrich und in die Eiskletternationalmannschaft aufgenommen und konnte an diversen Wettk\u00e4mpfen teilnehmen. Als Leiterin war ich oft mit der JO-Bachtel unterwegs, so entdeckte ich meine Leidenschaft f\u00fcrs Tourenleiten. Nach der Matur absolvierte ich die Ausbildung zur Kletterlehrerin. Nun studiere ich in Fribourg Psychologie. Neben meinem Studium biete ich als selbstst\u00e4ndige Kletterlehrerin Kurse an.<\/p>\n\n\n\n<h2 class=\"wp-block-heading\">Kletterkurse<\/h2>\n\n\n\n<h2 class=\"wp-block-heading has-large-font-size\">Privatlektion<\/h2>\n\n\n\n<p>Willst du Klettertechnik und Taktik oder das Sichern erlernen?<br>Bist du Hallenkletterer\/in und m\u00f6chtest auch einmal am Fels klettern?<br>Dann kontaktiere mich doch f\u00fcr eine Privatlektion.<\/p>\n\n\n\n<figure class=\"wp-block-image size-large\"><img loading=\"lazy\" decoding=\"async\" width=\"1024\" height=\"972\" src=\"https:\/\/www.coravogel.ch\/klettern\/wp-content\/uploads\/2022\/08\/IMG_20210212_152534-cropped-1024x972.jpg\" alt=\"\" class=\"wp-image-32\" srcset=\"https:\/\/www.coravogel.ch\/wp-content\/uploads\/2022\/08\/IMG_20210212_152534-cropped-1024x972.jpg 1024w, https:\/\/www.coravogel.ch\/wp-content\/uploads\/2022\/08\/IMG_20210212_152534-cropped-300x285.jpg 300w, https:\/\/www.coravogel.ch\/wp-content\/uploads\/2022\/08\/IMG_20210212_152534-cropped-768x729.jpg 768w, https:\/\/www.coravogel.ch\/wp-content\/uploads\/2022\/08\/IMG_20210212_152534-cropped-1536x1458.jpg 1536w, https:\/\/www.coravogel.ch\/wp-content\/uploads\/2022\/08\/IMG_20210212_152534-cropped-2048x1944.jpg 2048w\" sizes=\"auto, (max-width: 1024px) 100vw, 1024px\" \/><\/figure>\n\n\n\n<h2 class=\"wp-block-heading has-large-font-size\">Kurse<\/h2>\n\n\n\n<p>Im Sommer 2023 biete ich eine Ausbildung an, in der du das selbstst\u00e4ndige Mehrseill\u00e4ngenklettern in zwei Modulen erlernen kannst.<\/p>\n\n\n\n<figure class=\"wp-block-image size-large\"><img loading=\"lazy\" decoding=\"async\" width=\"1024\" height=\"768\" src=\"https:\/\/www.coravogel.ch\/klettern\/wp-content\/uploads\/2022\/08\/IMG_20211008_194107_633-1024x768.jpg\" alt=\"\" class=\"wp-image-37\" srcset=\"https:\/\/www.coravogel.ch\/wp-content\/uploads\/2022\/08\/IMG_20211008_194107_633-1024x768.jpg 1024w, https:\/\/www.coravogel.ch\/wp-content\/uploads\/2022\/08\/IMG_20211008_194107_633-300x225.jpg 300w, https:\/\/www.coravogel.ch\/wp-content\/uploads\/2022\/08\/IMG_20211008_194107_633-768x576.jpg 768w, https:\/\/www.coravogel.ch\/wp-content\/uploads\/2022\/08\/IMG_20211008_194107_633.jpg 1440w\" sizes=\"auto, (max-width: 1024px) 100vw, 1024px\" \/><\/figure>\n\n\n\n<h2 class=\"wp-block-heading\">Kontakt<\/h2>\n\n\n\n<p>Cora Vogel<br><a href=\"https:\/\/instagram.com\/cora_vogel_\/\">Instagram<\/a><br>079 462 00 54<br><a href=\"mailto:cora@coravogel.ch\">cora@coravogel.ch<\/a><br>Wohnorte: Winterthur und Fribourg<\/p>\n\n\n\n<div style=\"height:27px\" aria-hidden=\"true\" class=\"wp-block-spacer\"><\/div>\n","protected":false},"excerpt":{"rendered":"<p>\u00dcber mich Ich bin 1999 geboren und in Winterthur aufgewachsen. Dort habe ich in einer J&amp;S Trainingsgruppe angefangen zu klettern. Mit der Jugendorganisation des SAC konnte ich meine ersten Erfahrungen am Fels sammeln. Sp\u00e4ter wurde ich ins Regionalkader Z\u00fcrich und in die Eiskletternationalmannschaft aufgenommen und konnte an diversen Wettk\u00e4mpfen teilnehmen. Als Leiterin war ich oft [&hellip;]<\/p>\n","protected":false},"author":1,"featured_media":0,"parent":0,"menu_order":0,"comment_status":"closed","ping_status":"closed","template":"blank","meta":{"footnotes":""},"class_list":["post-17","page","type-page","status-publish","hentry"],"_links":{"self":[{"href":"https:\/\/www.coravogel.ch\/index.php\/wp-json\/wp\/v2\/pages\/17","targetHints":{"allow":["GET"]}}],"collection":[{"href":"https:\/\/www.coravogel.ch\/index.php\/wp-json\/wp\/v2\/pages"}],"about":[{"href":"https:\/\/www.coravogel.ch\/index.php\/wp-json\/wp\/v2\/types\/page"}],"author":[{"embeddable":true,"href":"https:\/\/www.coravogel.ch\/index.php\/wp-json\/wp\/v2\/users\/1"}],"replies":[{"embeddable":true,"href":"https:\/\/www.coravogel.ch\/index.php\/wp-json\/wp\/v2\/comments?post=17"}],"version-history":[{"count":42,"href":"https:\/\/www.coravogel.ch\/index.php\/wp-json\/wp\/v2\/pages\/17\/revisions"}],"predecessor-version":[{"id":95,"href":"https:\/\/www.coravogel.ch\/index.php\/wp-json\/wp\/v2\/pages\/17\/revisions\/95"}],"wp:attachment":[{"href":"https:\/\/www.coravogel.ch\/index.php\/wp-json\/wp\/v2\/media?parent=17"}],"curies":[{"name":"wp","href":"https:\/\/api.w.org\/{rel}","templated":true}]}}